{"id":18,"date":"2022-12-03T14:40:25","date_gmt":"2022-12-03T13:40:25","guid":{"rendered":"https:\/\/www.thurn-und-toxisch.de\/?page_id=18"},"modified":"2024-03-25T08:18:19","modified_gmt":"2024-03-25T07:18:19","slug":"thurn-und-toxisch","status":"publish","type":"page","link":"https:\/\/www.thurn-und-toxisch.de\/","title":{"rendered":"Thurn und Toxisch"},"content":{"rendered":"\n<figure class=\"wp-block-gallery has-nested-images columns-default is-cropped wp-block-gallery-1 is-layout-flex wp-block-gallery-is-layout-flex\">\n<figure class=\"wp-block-image size-large\"><img loading=\"lazy\" decoding=\"async\" width=\"1024\" height=\"1024\" data-id=\"59\" src=\"https:\/\/www.thurn-und-toxisch.de\/wp-content\/uploads\/2024\/03\/Sticker-TuT-QR_schwarz-1-1024x1024.png\" alt=\"\" class=\"wp-image-59\" srcset=\"https:\/\/www.thurn-und-toxisch.de\/wp-content\/uploads\/2024\/03\/Sticker-TuT-QR_schwarz-1-1024x1024.png 1024w, https:\/\/www.thurn-und-toxisch.de\/wp-content\/uploads\/2024\/03\/Sticker-TuT-QR_schwarz-1-300x300.png 300w, https:\/\/www.thurn-und-toxisch.de\/wp-content\/uploads\/2024\/03\/Sticker-TuT-QR_schwarz-1-150x150.png 150w, https:\/\/www.thurn-und-toxisch.de\/wp-content\/uploads\/2024\/03\/Sticker-TuT-QR_schwarz-1-768x768.png 768w, https:\/\/www.thurn-und-toxisch.de\/wp-content\/uploads\/2024\/03\/Sticker-TuT-QR_schwarz-1-1536x1536.png 1536w, https:\/\/www.thurn-und-toxisch.de\/wp-content\/uploads\/2024\/03\/Sticker-TuT-QR_schwarz-1-2048x2048.png 2048w, https:\/\/www.thurn-und-toxisch.de\/wp-content\/uploads\/2024\/03\/Sticker-TuT-QR_schwarz-1-1568x1568.png 1568w\" sizes=\"auto, (max-width: 1024px) 100vw, 1024px\" \/><\/figure>\n<\/figure>\n\n\n\n<p><\/p>\n\n\n\n<h2 class=\"wp-block-heading\">Das Weltbild von Gloria von Thurn und Taxis anhand einiger Beispiele<\/h2>\n\n\n\n<h3 class=\"wp-block-heading\">Gloria oder die Relativierung von k\u00f6rperlichen und sexualisierten Gewalttaten<\/h3>\n\n\n\n<p>Beim jahrzehntelangen Missbrauchsskandal der Regensburger Domspatzen interessiert sie sich mehr f\u00fcr den den Ruf der Kirche als f\u00fcr Betroffene. So sagt sie:<\/p>\n\n\n\n<blockquote class=\"wp-block-quote is-layout-flow wp-block-quote-is-layout-flow\">\n<p>Das ist totaler Schmarrn.&nbsp;Das ist einfach richtig gemein. In jeder Schule, in jedem Sportverein gibt es dieses Ph\u00e4nomen und das wird es auch immer geben. Man geht gerne auf die Kirche los und das ist ein gefundenes Fressen.<\/p>\n<\/blockquote>\n\n\n\n<p>Weiter verharmlost sie schwere K\u00f6rperverletzungen:<\/p>\n\n\n\n<blockquote class=\"wp-block-quote is-layout-flow wp-block-quote-is-layout-flow\">\n<p>In meiner Jugend waren Schl\u00e4ge ein ganz normales p\u00e4dagogisches Mittel, um mit frechen Kindern, wie ich eines war, fertig zu werden.<\/p>\n<cite><a rel=\"noreferrer noopener\" href=\"https:\/\/www.focus.de\/politik\/deutschland\/missbrauchsskandal-bei-den-regensburger-domspatzen-gloria-von-thurn-und-taxis-relativiert-geschehnisse-schlaege-waren-frueher-ein-ganz-normales-paedagogisches-mittel_id_7383749.html\" target=\"_blank\">https:\/\/www.focus.de\/politik\/deutschland\/missbrauchsskandal-bei-den-regensburger-domspatzen-gloria-von-thurn-und-taxis-relativiert-geschehnisse-schlaege-waren-frueher-ein-ganz-normales-paedagogisches-mittel_id_7383749.<\/a><\/cite><\/blockquote>\n\n\n\n<h3 class=\"wp-block-heading\">Gloria oder \u201eRechtsradikale aller L\u00e4nder, vereinigt euch!\u201c<\/h3>\n\n\n\n<p>Als besonderen Gast hofierte Gloria Viktor Orb\u00e1n bei den Schlossfestspielen 2012. <a href=\"https:\/\/www.regensburg-digital.de\/landtagsabgeordnete-schlossfestspiele-skandal-orban\/14072012\/\">Den autokratischen Nationalisten und Regierungschef Ungarns bezeichnete sie sogar auf Ungarisch als \u201eHeld\u201c, der sein Volk \u201ein die Freiheit f\u00fchre\u201c. Am Ende der Veranstaltung wurde die Ungarische Nationalhymne gespielt.<\/a><\/p>\n\n\n\n<p>Viktor Orb\u00e1n ist dabei nicht der einzige rechte Politiker auf internationaler B\u00fchne, mit dem sich Gloria gut versteht. Mit dem rechtsradikalen Irren Steve Bannon, der ehemals Strategieberater Donald Trumps und Chef von Breitbart News Network war, <a href=\"https:\/\/www.monopol-magazin.de\/museum-zieht-auszeichnung-zurueck\">plant sie laut Berichten eine Sammlungsbewegung innerhalb der katholischen Kirche zu gr\u00fcnden<\/a>. Dadurch soll u.a. gegen den als zu liberal wahrgenommenen Papst Franziskus vorgegangen werden.&nbsp;<\/p>\n\n\n\n<p>Ganz zu schweigen von ihren allerbesten Connections zu Kardinal Gerhard Ludwig M\u00fcller. Der ehemalige Bischof von Regensburg und Pr\u00e4fekt der Glaubenskongregation ist die weltweit zentrale und einflussreichste Figur der erzreaktion\u00e4ren Rechten innerhalb der katholischen Kirche.<\/p>\n\n\n\n<p>Zudem verbreitet die Thurn und Taxis  immer wieder Narrative rechter Verschw\u00f6rungsmythen. So erkl\u00e4rt die sogenannte F\u00fcrstin,&nbsp;man sei <a href=\"https:\/\/www.queer.de\/detail.php?article_id=31019\">\u201eauf dem Weg in eine [\u2026] totalit\u00e4re Gesellschaft mit Denk- und Sprechverboten&#8220;<\/a> und warnt vor \u201esystematischer Irref\u00fchrung\u201c in der Klimadebatte. Weiter leugnet sie die Schuld des Menschen am Klimawandel: \u201eEs wird suggeriert, dass der Mensch schuld am Klimawandel ist\u201c,&nbsp; und es sei bezeichnend, dass ein \u201eautistisches M\u00e4dchen\u201c zur Leitfigur in der Klimadebatte stilisiert werde. Die Wissenschaft m\u00fcsse alles tun, um den Diskurs wieder zu versachlichen, <a href=\"https:\/\/www.epochtimes.de\/umwelt\/klima\/gloria-von-thurn-und-taxis-warnt-vor-systematischer-irrefuehrung-durch-klima-ideologen-a3104012.html\">\u201edamit wir nicht irgendwo landen und totale Spinner das Thema beherrschen\u201c<\/a>. Ja, lol&#8230;<\/p>\n\n\n\n<h3 class=\"wp-block-heading\">Gloria oder die Prophetin des Dritten Weltkriegs. Die Zeichen sind da!<\/h3>\n\n\n\n<p>Gloria warnt vor einem Staatsterror. Auf die Frage warum die Leute sich an Corona-Regeln halten, antwortet sie: \u201eWeil wir eben noch nicht lange genug dem Staatsterror ausgesetzt sind\u201c. Sie erz\u00e4hlt, dass &#8222;die im Osten&#8220; das besser w\u00fcssten, da diese schon viel l\u00e4nger dem Staatsterror ausgesetzt seien und daher die Signale kennen w\u00fcrden.&nbsp;(<a href=\"https:\/\/www.youtube.com\/watch?v=713pzLNGhUs\">Interview in Achtung, Reichelt vom 04.11. ab Minute 5<\/a>)<\/p>\n\n\n\n<p>Doch schon 2015 sah sie die Sicherheit Deutschlands in Gefahr. Schuld? Nat\u00fcrlich die Gefl\u00fcchteten:<\/p>\n\n\n\n<blockquote class=\"wp-block-quote is-layout-flow wp-block-quote-is-layout-flow\">\n<p>Wir stehen am Rand des Dritten Weltkriegs. Man k\u00f6nnte fast sagen, diese V\u00f6lkerwanderung, die hier auf uns zustr\u00f6mt, ist schon eine Art Krieg.<\/p>\n<cite><a href=\"https:\/\/www.sueddeutsche.de\/bayern\/fernseh-interview-warum-gloria-sich-vor-fluechtlingen-fuerchtet-1.2727186\">https:\/\/www.sueddeutsche.de\/bayern\/fernseh-interview-warum-gloria-sich-vor-fluechtlingen-fuerchtet-1.2727186<\/a><\/cite><\/blockquote>\n\n\n\n<h3 class=\"wp-block-heading\">Gloria oder Homosexualit\u00e4t ist Teufelswerk<\/h3>\n\n\n\n<p>Nicht nur bestreitet Gloria die Existenz von Homosexualit\u00e4t (sie sei \u201econtra naturam\u201c), sie verbreitet auch h\u00e4ufig rechte Verschw\u00f6rungsmythen \u00fcber Homosexualit\u00e4t. Zum Beispiel sagt sie in einem Interview mit einer katholischen Sonntagszeitung:<\/p>\n\n\n\n<blockquote class=\"wp-block-quote is-layout-flow wp-block-quote-is-layout-flow\">\n<p>Sie [Homosexuelle] gelten als hip, fortschrittlich und modern. Auf den normalen Mann sieht man herab, als sei er ein Relikt aus l\u00e4ngst vergangener Zeit.<\/p>\n<\/blockquote>\n\n\n\n<p>Weiter unterscheidet sie zwischen einem \u201enormalen\u201c Mann und einem \u201eschwulen&#8220; Mann.<\/p>\n\n\n\n<p>Bei der ganzen Sache kann auch nur der Teufel verantwortlich sein. Das zumindest erz\u00e4hlt sie in einem Interview mit dem neurechten Magazin Cato. Der Teufel taucht da als Ursache auf. Gloria: \u201e\u2026geht alles auf das Konto des Durcheinanderbringers: Auf der einen Seite wird durch Fr\u00fchsexualisierung \u201aFrischfleisch\u2018 gez\u00fcchtet. Aber wenn sich jemand daran vergreift, schreit die Gesellschaft auf, und die T\u00e4ter werden auf ewig verdammt. Verwirrend.\u201c<\/p>\n\n\n\n<p>Fr\u00fchsexualisierung ist ein beliebter Begriff der neuen und alten Rechten. Damit ist sexuelle Aufkl\u00e4rung an Schulen z. B. auch \u00fcber Homosexualit\u00e4t oder Genderfragen gemeint. Aufkl\u00e4rung wird abgelehnt, da man dadurch vor einer Umerziehung der Kinder f\u00fcrchtet. <a href=\"https:\/\/www.queer.de\/detail.php?article_id=31019\">Weiter verharmlost sie mit dieser Aussage auch Vergewaltigungen.<\/a><\/p>\n\n\n\n<h3 class=\"wp-block-heading\">Gloria oder Schwangerschaftsabbruch ist auch des Teufels<\/h3>\n\n\n\n<p>\u00dcberaus engagiert ist Gloria beim Thema Schwangerschaftsabbruch bzw. Abtreibungsverbot. Nicht nur ist sie Teil des Stiftungsrats der Anti-Abtreibungs-Bewegung \u201eStiftung Ja zum Leben\u201c, sie nimmt etwa auch gemeinsam mit dem AfD-Benjamin \u201eBananen\u201c-Nolte an der Kundgebung des Fundi-B\u00fcndnisses \u201eDemo f\u00fcr Alle\u201c gegen eine angebliche Fr\u00fchsexualisierung von Kindern. Denn: \u201e<a href=\"https:\/\/www.mittelbayerische.de\/region\/regensburg-stadt-nachrichten\/fuerstin-unterstuetzt-kontroverse-demo-21179-art1688877.html\">Das ist ja auch eine Art von Kindesmissbrauch.<\/a>\u201c<\/p>\n\n\n\n<h3 class=\"wp-block-heading\">Gloria oder der menschengemachte Klimawandel ist eine L\u00fcge von Finanzinvestoren<\/h3>\n\n\n\n<p>Gloria von Thurn und Taxis leugnet den menschengemachten Klimawandel. Klar, das Klima \u00e4ndere sich schon auch, aber der Mensch habe darauf keinen Einfluss. <\/p>\n\n\n\n<p>Wissenschaftliche Tatsachen sind f\u00fcr sie L\u00fcgen. L\u00fcgen von Reichen (ja haha, guter Witz), von amerikanischen Hedgefonds, Gr\u00fcnen und denen da oben eben (ist ja alles irgendwie das gleiche). Mit ihren CO2-Einsparungen, die sie uns mit Weltuntergangszenarien eintrichtern wollen, wollen die \u00dcberlt\u00e4ter eigentlich nur eines: dem deutschen Steuerzahler an den Kragen. Und vielleicht noch ein zweites: eine Diktatur errichten.<\/p>\n\n\n\n<p>Die nachfolgenden Zitate sind bei weitem nicht abschlie\u00dfend, aber sprechen zun\u00e4chst einmal f\u00fcr sich.<\/p>\n\n\n\n<p>Thema Heizungsgesetz: <\/p>\n\n\n\n<blockquote class=\"wp-block-quote is-layout-flow wp-block-quote-is-layout-flow\">\n<p>Wir kriegen hier einen modernen Kommunismus, wir kriegen einen knallharten Sozialismus, wir sitzen wieder einer gro\u00dfen Ideologie auf. Wir hatten ja schon mal Ideologien in Deutschland. Sowohl im braunen Deutschland als auch im roten Deutschland. Das hat zu einer Katastrophe gef\u00fchrt, das wird diesmal auch zu einer Katastrophe f\u00fchren. <\/p>\n\n\n\n<p><\/p>\n<cite>(<a rel=\"noreferrer noopener\" href=\"https:\/\/www.youtube.com\/watch?v=raDPMYiFrlw\" target=\"_blank\">Achtung, Reichelt!. 04.03.2023, ab 5:26 min<\/a>)<\/cite><\/blockquote>\n\n\n\n<p>In der gleichen Reichelt-Sendung hei\u00dft es ein bisschen sp\u00e4ter (der Aufh\u00e4nger sind &#8218;intelligente Stromz\u00e4hler&#8216;, sogenannte Smart Meter):<\/p>\n\n\n\n<blockquote class=\"wp-block-quote is-layout-flow wp-block-quote-is-layout-flow\">\n<p>Das ist die mechanistische, technische Ideologie, die glaubt alles kontrollieren zu k\u00f6nnen und alles machen zu k\u00f6nnen (\u2026), deswegen habe ich immer vor Elektroautos gewarnt, weil ich gesagt habe, wenn du bei Elektroautos einfach abhauen willst, wegfahren willst und die Stadtbeh\u00f6rde will das nicht, dann stellen die den Strom ab und dann kann man mit dem Auto nicht mehr wegfahren. Die ganzen Elektroautos sind nat\u00fcrlich eine ideale Kontrolle, weil dann die Beh\u00f6rden entscheiden k\u00f6nnen, wann die Leute fahren d\u00fcrfen und wann nicht.<\/p>\n<cite>(<a rel=\"noreferrer noopener\" href=\"https:\/\/www.youtube.com\/watch?v=raDPMYiFrlw\" target=\"_blank\">Achtung, Reichelt!. 04.03.2023, ab 7:26 min<\/a>)<\/cite><\/blockquote>\n\n\n\n<p>Und weil <em>\u201edie Beh\u00f6rden entscheiden, wann wir heizen d\u00fcrfen und wann nicht\u201d<\/em> f\u00fchre das schnurstracks in den <em>\u201eKommunismus\u201c<\/em>.<\/p>\n\n\n\n<blockquote class=\"wp-block-quote is-layout-flow wp-block-quote-is-layout-flow\">\n<p>Der Kommunismus, den wir ja aus der DDR und auch aus Russland von fr\u00fcher kannten, der kommt mir wie Kindergarten dagegen vor, weil der diese Durchgriffsm\u00f6glichkeiten gar nicht hat. (\u2026) Die k\u00f6nnen da ja wirklich wie \u201aBig Brother Is Watching You\u2018 in unsere H\u00e4user eingreifen und unsere K\u00fchlschr\u00e4nke abstellen.<\/p>\n<cite>(<a rel=\"noreferrer noopener\" href=\"https:\/\/www.youtube.com\/watch?v=raDPMYiFrlw\" target=\"_blank\">Achtung, Reichelt!, 04.03.2023 ab 7:26 min<\/a>)<\/cite><\/blockquote>\n\n\n\n<p><\/p>\n\n\n\n<p>Diejenigen, die laut Thurn und Taxis Deutschland <em>\u201eauf sanftem Wege\u201c<\/em> in einen <em>\u201eknallharten Sozialismus\u201c<\/em> f\u00fchren wollen, sind nat\u00fcrlich die Gr\u00fcnen, deren vorgebliches Ziel die <em>\u201eKlimaneutralit\u00e4t\u201c<\/em> &nbsp;sei. Dazu seien sie <\/p>\n\n\n\n<blockquote class=\"wp-block-quote is-layout-flow wp-block-quote-is-layout-flow\">\n<p>bereit \u00fcber die Interessen des Volkes hinweg zu gehen, das haben wir ja bei allen Ideologien gesehen, ob das jetzt Mao Zedong, Hitler, Stalin, die haben die Menschenopfer nicht gesehen, die haben nur das Ziel das weit in der Ferne ist. Klimaneutralit\u00e4t.<\/p>\n<cite>(<a rel=\"noreferrer noopener\" href=\"https:\/\/www.youtube.com\/watch?v=4HZr-KGIe_s\" target=\"_blank\">Achtung Reichelt!, 14.05.2023 ab 06:34 min<\/a>)<\/cite><\/blockquote>\n\n\n\n<p><\/p>\n\n\n\n<p>Eigentlich aber gehe es den Gr\u00fcnen, die eine <em>&#8222;eine ideologische, totalit\u00e4re, mechanistisch-technische Partei&#8220;<\/em> um Minister Robert <em>\u201eJ\u00fcnger einer Klimasekte\u201c<\/em> Habeck seien, darum, Deutschland zu deindustrialisieren und sich wie Feudalherren die Pfr\u00fcnde untereinander aufzuteilen (auch eine witzige Haltung f\u00fcr eine Adelserbin):<\/p>\n\n\n\n<blockquote class=\"wp-block-quote is-layout-flow wp-block-quote-is-layout-flow\">\n<p>Das Volk soll wieder verbl\u00f6det werden und die kleine Schicht der Eliten, die schieben sich die Jobs zu, die kriegen also die Privilegien. Und wir gehen zur\u00fcck in die feudale Zeit des Mittelalters. Weil nichts anderes sind die Gr\u00fcnen, die regieren. Das sind wie Feudalherrscher. Sie k\u00f6nnen machen, was sie wollen, f\u00fcr sie gelten keine Gesetze. Sie bedienen sich am Futtertrog der Macht und an den vollen Geldt\u00f6pfen. Und das Volk darbt dahin. Muss mehr Steuern zahlen, muss mehr f\u00fcr die Heizung zahlen, muss eine 30-prozentige Inflation in Kauf nehmen und und und.<\/p>\n<cite>(<a rel=\"noreferrer noopener\" href=\"https:\/\/www.youtube.com\/watch?v=FMa2DsJGwoM\" target=\"_blank\">Achtung, Reichelt!, 28.05.2023, ab 19:12 min<\/a>)<\/cite><\/blockquote>\n\n\n\n<p>&#8212; wir aktualisiersen die Seite laufend weiter &#8212;<\/p>\n\n\n\n<figure class=\"wp-block-image size-large\"><img loading=\"lazy\" decoding=\"async\" width=\"724\" height=\"1024\" src=\"https:\/\/www.thurn-und-toxisch.de\/wp-content\/uploads\/2022\/12\/htjugend-oberpfalz.verdi_.deGloria1-724x1024.png\" alt=\"\" class=\"wp-image-42\" srcset=\"https:\/\/www.thurn-und-toxisch.de\/wp-content\/uploads\/2022\/12\/htjugend-oberpfalz.verdi_.deGloria1-724x1024.png 724w, https:\/\/www.thurn-und-toxisch.de\/wp-content\/uploads\/2022\/12\/htjugend-oberpfalz.verdi_.deGloria1-212x300.png 212w, https:\/\/www.thurn-und-toxisch.de\/wp-content\/uploads\/2022\/12\/htjugend-oberpfalz.verdi_.deGloria1-768x1086.png 768w, https:\/\/www.thurn-und-toxisch.de\/wp-content\/uploads\/2022\/12\/htjugend-oberpfalz.verdi_.deGloria1-1086x1536.png 1086w, https:\/\/www.thurn-und-toxisch.de\/wp-content\/uploads\/2022\/12\/htjugend-oberpfalz.verdi_.deGloria1.png 1414w\" sizes=\"auto, (max-width: 724px) 100vw, 724px\" \/><\/figure>\n","protected":false},"excerpt":{"rendered":"<p>Das Weltbild von Gloria von Thurn und Taxis anhand einiger Beispiele Gloria oder die Relativierung von k\u00f6rperlichen und sexualisierten Gewalttaten Beim jahrzehntelangen Missbrauchsskandal der Regensburger Domspatzen interessiert sie sich mehr f\u00fcr den den Ruf der Kirche als f\u00fcr Betroffene. So sagt sie: Das ist totaler Schmarrn.&nbsp;Das ist einfach richtig gemein. In jeder Schule, in jedem&hellip; <a class=\"more-link\" href=\"https:\/\/www.thurn-und-toxisch.de\/\"><span class=\"screen-reader-text\">Thurn und Toxisch<\/span> weiterlesen<\/a><\/p>\n","protected":false},"author":1,"featured_media":0,"parent":0,"menu_order":0,"comment_status":"closed","ping_status":"closed","template":"","meta":{"footnotes":""},"class_list":["post-18","page","type-page","status-publish","hentry","entry"],"_links":{"self":[{"href":"https:\/\/www.thurn-und-toxisch.de\/index.php?rest_route=\/wp\/v2\/pages\/18","targetHints":{"allow":["GET"]}}],"collection":[{"href":"https:\/\/www.thurn-und-toxisch.de\/index.php?rest_route=\/wp\/v2\/pages"}],"about":[{"href":"https:\/\/www.thurn-und-toxisch.de\/index.php?rest_route=\/wp\/v2\/types\/page"}],"author":[{"embeddable":true,"href":"https:\/\/www.thurn-und-toxisch.de\/index.php?rest_route=\/wp\/v2\/users\/1"}],"replies":[{"embeddable":true,"href":"https:\/\/www.thurn-und-toxisch.de\/index.php?rest_route=%2Fwp%2Fv2%2Fcomments&post=18"}],"version-history":[{"count":15,"href":"https:\/\/www.thurn-und-toxisch.de\/index.php?rest_route=\/wp\/v2\/pages\/18\/revisions"}],"predecessor-version":[{"id":62,"href":"https:\/\/www.thurn-und-toxisch.de\/index.php?rest_route=\/wp\/v2\/pages\/18\/revisions\/62"}],"wp:attachment":[{"href":"https:\/\/www.thurn-und-toxisch.de\/index.php?rest_route=%2Fwp%2Fv2%2Fmedia&parent=18"}],"curies":[{"name":"wp","href":"https:\/\/api.w.org\/{rel}","templated":true}]}}